{"id":25092,"date":"2025-12-05T13:58:12","date_gmt":"2025-12-05T12:58:12","guid":{"rendered":"https:\/\/farolesdeforja.es\/?post_type=product&#038;p=25092"},"modified":"2025-12-05T13:59:11","modified_gmt":"2025-12-05T12:59:11","slug":"farol-renacimiento-columnas-repujadas","status":"publish","type":"product","link":"https:\/\/farolesdeforja.es\/en\/tienda\/specials\/unique-pieces\/farol-renacimiento-columnas-repujadas\/","title":{"rendered":"Farol Renacimiento Columnas Repujadas"},"content":{"rendered":"<p>Bell\u00edsimo farol Tipo Renacimiento, elaborado en metal dorado y vidrio transparente, de\u00a0 63cm dm de alto y 43cm de ancho. Columnas de orfebrer\u00eda\u00a0 repujadas a mano.<\/p>\n","protected":false},"excerpt":{"rendered":"<div><strong>Material<\/strong>: Chapa de acero cubierta de esta\u00f1o y vidrio<\/div>\n","protected":false},"featured_media":25088,"template":"","meta":{"inline_featured_image":false,"_uag_custom_page_level_css":"","site-sidebar-layout":"default","site-content-layout":"","ast-site-content-layout":"default","site-content-style":"default","site-sidebar-style":"default","ast-global-header-display":"","ast-banner-title-visibility":"","ast-main-header-display":"","ast-hfb-above-header-display":"","ast-hfb-below-header-display":"","ast-hfb-mobile-header-display":"","site-post-title":"","ast-breadcrumbs-content":"","ast-featured-img":"","footer-sml-layout":"","ast-disable-related-posts":"","theme-transparent-header-meta":"default","adv-header-id-meta":"","stick-header-meta":"","header-above-stick-meta":"","header-main-stick-meta":"","header-below-stick-meta":"","astra-migrate-meta-layouts":"set","ast-page-background-enabled":"default","ast-page-background-meta":{"desktop":{"background-color":"var(--ast-global-color-4)","background-image":"","background-repeat":"repeat","background-position":"center center","background-size":"auto","background-attachment":"scroll","background-type":"","background-media":"","overlay-type":"","overlay-color":"","overlay-opacity":"","overlay-gradient":""},"tablet":{"background-color":"","background-image":"","background-repeat":"repeat","background-position":"center center","background-size":"auto","background-attachment":"scroll","background-type":"","background-media":"","overlay-type":"","overlay-color":"","overlay-opacity":"","overlay-gradient":""},"mobile":{"background-color":"","background-image":"","background-repeat":"repeat","background-position":"center center","background-size":"auto","background-attachment":"scroll","background-type":"","background-media":"","overlay-type":"","overlay-color":"","overlay-opacity":"","overlay-gradient":""}},"ast-content-background-meta":{"desktop":{"background-color":"var(--ast-global-color-5)","background-image":"","background-repeat":"repeat","background-position":"center center","background-size":"auto","background-attachment":"scroll","background-type":"","background-media":"","overlay-type":"","overlay-color":"","overlay-opacity":"","overlay-gradient":""},"tablet":{"background-color":"var(--ast-global-color-5)","background-image":"","background-repeat":"repeat","background-position":"center center","background-size":"auto","background-attachment":"scroll","background-type":"","background-media":"","overlay-type":"","overlay-color":"","overlay-opacity":"","overlay-gradient":""},"mobile":{"background-color":"var(--ast-global-color-5)","background-image":"","background-repeat":"repeat","background-position":"center center","background-size":"auto","background-attachment":"scroll","background-type":"","background-media":"","overlay-type":"","overlay-color":"","overlay-opacity":"","overlay-gradient":""}}},"product_brand":[],"product_cat":[62,87],"product_tag":[],"class_list":{"0":"post-25092","1":"product","2":"type-product","3":"status-publish","4":"has-post-thumbnail","6":"product_cat-especiales","7":"product_cat-piezas-unicas","8":"desktop-align-center","9":"tablet-align-left","10":"mobile-align-center","12":"first","13":"instock","14":"shipping-taxable","15":"purchasable","16":"product-type-simple"},"yoast_head":"<!-- This site is optimized with the Yoast SEO plugin v27.4 - https:\/\/yoast.com\/product\/yoast-seo-wordpress\/ -->\n<title>Farol Renacimiento Columnas Repujadas | Salcedo Sevilla<\/title>\n<meta name=\"description\" content=\"Master craftsmen since 1971! Handcrafted in our workshops. FREE SHIPPING to mainland Spain on orders over \u20ac175. Discover our Farol Renacimiento Columnas Repujadas and many more unique pieces.\" \/>\n<meta name=\"robots\" content=\"index, follow, max-snippet:-1, max-image-preview:large, max-video-preview:-1\" \/>\n<link rel=\"canonical\" href=\"https:\/\/farolesdeforja.es\/en\/tienda\/specials\/unique-pieces\/farol-renacimiento-columnas-repujadas\/\" \/>\n<meta property=\"og:locale\" content=\"en_US\" \/>\n<meta property=\"og:type\" content=\"article\" \/>\n<meta property=\"og:title\" content=\"Farol Renacimiento Columnas Repujadas | Salcedo Sevilla\" \/>\n<meta property=\"og:description\" content=\"Master craftsmen since 1971! Handcrafted in our workshops. FREE SHIPPING to mainland Spain on orders over \u20ac175. Discover our Farol Renacimiento Columnas Repujadas and many more unique pieces.\" \/>\n<meta property=\"og:url\" content=\"https:\/\/farolesdeforja.es\/en\/tienda\/specials\/unique-pieces\/farol-renacimiento-columnas-repujadas\/\" \/>\n<meta property=\"og:site_name\" content=\"Faroles de forja y Mobiliario de forja art\u00edstica | Artesan\u00eda Salcedo Sevilla\" \/>\n<meta property=\"article:publisher\" content=\"https:\/\/www.facebook.com\/salcedosevilla\" \/>\n<meta property=\"article:modified_time\" content=\"2025-12-05T12:59:11+00:00\" \/>\n<meta property=\"og:image\" content=\"https:\/\/farolesdeforja.es\/wp-content\/uploads\/2025\/12\/Farol-renacimiento-Columnas-Repujadas.jpg\" \/>\n\t<meta property=\"og:image:width\" content=\"1493\" \/>\n\t<meta property=\"og:image:height\" content=\"1920\" \/>\n\t<meta property=\"og:image:type\" content=\"image\/jpeg\" \/>\n<meta name=\"twitter:card\" content=\"summary_large_image\" \/>\n<meta name=\"twitter:label1\" content=\"Est. reading time\" \/>\n\t<meta name=\"twitter:data1\" content=\"1 minute\" \/>\n<script type=\"application\/ld+json\" class=\"yoast-schema-graph\">{\"@context\":\"https:\\\/\\\/schema.org\",\"@graph\":[{\"@type\":\"WebPage\",\"@id\":\"https:\\\/\\\/farolesdeforja.es\\\/en\\\/tienda\\\/specials\\\/unique-pieces\\\/farol-renacimiento-columnas-repujadas\\\/\",\"url\":\"https:\\\/\\\/farolesdeforja.es\\\/en\\\/tienda\\\/specials\\\/unique-pieces\\\/farol-renacimiento-columnas-repujadas\\\/\",\"name\":\"Farol Renacimiento Columnas Repujadas | Salcedo Sevilla\",\"isPartOf\":{\"@id\":\"https:\\\/\\\/farolesdeforja.es\\\/en\\\/#website\"},\"primaryImageOfPage\":{\"@id\":\"https:\\\/\\\/farolesdeforja.es\\\/en\\\/tienda\\\/specials\\\/unique-pieces\\\/farol-renacimiento-columnas-repujadas\\\/#primaryimage\"},\"image\":{\"@id\":\"https:\\\/\\\/farolesdeforja.es\\\/en\\\/tienda\\\/specials\\\/unique-pieces\\\/farol-renacimiento-columnas-repujadas\\\/#primaryimage\"},\"thumbnailUrl\":\"https:\\\/\\\/farolesdeforja.es\\\/wp-content\\\/uploads\\\/2025\\\/12\\\/Farol-renacimiento-Columnas-Repujadas.jpg\",\"datePublished\":\"2025-12-05T12:58:12+00:00\",\"dateModified\":\"2025-12-05T12:59:11+00:00\",\"description\":\"Master craftsmen since 1971! Handcrafted in our workshops. FREE SHIPPING to mainland Spain on orders over \u20ac175. Discover our Farol Renacimiento Columnas Repujadas and many more unique pieces.\",\"breadcrumb\":{\"@id\":\"https:\\\/\\\/farolesdeforja.es\\\/en\\\/tienda\\\/specials\\\/unique-pieces\\\/farol-renacimiento-columnas-repujadas\\\/#breadcrumb\"},\"inLanguage\":\"en-US\",\"potentialAction\":[{\"@type\":\"ReadAction\",\"target\":[\"https:\\\/\\\/farolesdeforja.es\\\/en\\\/tienda\\\/specials\\\/unique-pieces\\\/farol-renacimiento-columnas-repujadas\\\/\"]}]},{\"@type\":\"ImageObject\",\"inLanguage\":\"en-US\",\"@id\":\"https:\\\/\\\/farolesdeforja.es\\\/en\\\/tienda\\\/specials\\\/unique-pieces\\\/farol-renacimiento-columnas-repujadas\\\/#primaryimage\",\"url\":\"https:\\\/\\\/farolesdeforja.es\\\/wp-content\\\/uploads\\\/2025\\\/12\\\/Farol-renacimiento-Columnas-Repujadas.jpg\",\"contentUrl\":\"https:\\\/\\\/farolesdeforja.es\\\/wp-content\\\/uploads\\\/2025\\\/12\\\/Farol-renacimiento-Columnas-Repujadas.jpg\",\"width\":1493,\"height\":1920},{\"@type\":\"BreadcrumbList\",\"@id\":\"https:\\\/\\\/farolesdeforja.es\\\/en\\\/tienda\\\/specials\\\/unique-pieces\\\/farol-renacimiento-columnas-repujadas\\\/#breadcrumb\",\"itemListElement\":[{\"@type\":\"ListItem\",\"position\":1,\"name\":\"Inicio\",\"item\":\"https:\\\/\\\/farolesdeforja.es\\\/en\\\/\"},{\"@type\":\"ListItem\",\"position\":2,\"name\":\"Shop\",\"item\":\"https:\\\/\\\/farolesdeforja.es\\\/en\\\/shop\\\/\"},{\"@type\":\"ListItem\",\"position\":3,\"name\":\"SPECIALS\",\"item\":\"https:\\\/\\\/farolesdeforja.es\\\/en\\\/specials\\\/\"},{\"@type\":\"ListItem\",\"position\":4,\"name\":\"Farol Renacimiento Columnas Repujadas\"}]},{\"@type\":\"WebSite\",\"@id\":\"https:\\\/\\\/farolesdeforja.es\\\/en\\\/#website\",\"url\":\"https:\\\/\\\/farolesdeforja.es\\\/en\\\/\",\"name\":\"Faroles de forja y Mobiliario de forja art\u00edstica | Artesan\u00eda Salcedo Sevilla\",\"description\":\"Faroles de forja y mobiliario fabricados de forma artesanal desde 1971. Artesan\u00eda Salcedo es referente en forja art\u00edstica en Sevilla. Compra online de faroles de forja y env\u00edo GRATIS en casi todos los art\u00edculos \u00a1Personalizamos cualquier pieza!\",\"publisher\":{\"@id\":\"https:\\\/\\\/farolesdeforja.es\\\/en\\\/#organization\"},\"alternateName\":\"Salcedo Sevilla\",\"potentialAction\":[{\"@type\":\"SearchAction\",\"target\":{\"@type\":\"EntryPoint\",\"urlTemplate\":\"https:\\\/\\\/farolesdeforja.es\\\/en\\\/?s={search_term_string}\"},\"query-input\":{\"@type\":\"PropertyValueSpecification\",\"valueRequired\":true,\"valueName\":\"search_term_string\"}}],\"inLanguage\":\"en-US\"},{\"@type\":\"Organization\",\"@id\":\"https:\\\/\\\/farolesdeforja.es\\\/en\\\/#organization\",\"name\":\"Salcedo Sevilla\",\"url\":\"https:\\\/\\\/farolesdeforja.es\\\/en\\\/\",\"logo\":{\"@type\":\"ImageObject\",\"inLanguage\":\"en-US\",\"@id\":\"https:\\\/\\\/farolesdeforja.es\\\/en\\\/#\\\/schema\\\/logo\\\/image\\\/\",\"url\":\"https:\\\/\\\/farolesdeforja.es\\\/wp-content\\\/uploads\\\/2018\\\/04\\\/cropped-favicon.png\",\"contentUrl\":\"https:\\\/\\\/farolesdeforja.es\\\/wp-content\\\/uploads\\\/2018\\\/04\\\/cropped-favicon.png\",\"width\":512,\"height\":512,\"caption\":\"Salcedo Sevilla\"},\"image\":{\"@id\":\"https:\\\/\\\/farolesdeforja.es\\\/en\\\/#\\\/schema\\\/logo\\\/image\\\/\"},\"sameAs\":[\"https:\\\/\\\/www.facebook.com\\\/salcedosevilla\",\"https:\\\/\\\/www.instagram.com\\\/farolesdeforja\\\/\",\"https:\\\/\\\/www.pinterest.com\\\/Farolesdeforja\\\/\"]}]}<\/script>\n<!-- \/ Yoast SEO plugin. -->","yoast_head_json":{"title":"Farol Renacimiento Columnas Repujadas | Salcedo Sevilla","description":"Master craftsmen since 1971! Handcrafted in our workshops. FREE SHIPPING to mainland Spain on orders over \u20ac175. Discover our Farol Renacimiento Columnas Repujadas and many more unique pieces.","robots":{"index":"index","follow":"follow","max-snippet":"max-snippet:-1","max-image-preview":"max-image-preview:large","max-video-preview":"max-video-preview:-1"},"canonical":"https:\/\/farolesdeforja.es\/en\/tienda\/specials\/unique-pieces\/farol-renacimiento-columnas-repujadas\/","og_locale":"en_US","og_type":"article","og_title":"Farol Renacimiento Columnas Repujadas | Salcedo Sevilla","og_description":"Master craftsmen since 1971! Handcrafted in our workshops. FREE SHIPPING to mainland Spain on orders over \u20ac175. Discover our Farol Renacimiento Columnas Repujadas and many more unique pieces.","og_url":"https:\/\/farolesdeforja.es\/en\/tienda\/specials\/unique-pieces\/farol-renacimiento-columnas-repujadas\/","og_site_name":"Faroles de forja y Mobiliario de forja art\u00edstica | Artesan\u00eda Salcedo Sevilla","article_publisher":"https:\/\/www.facebook.com\/salcedosevilla","article_modified_time":"2025-12-05T12:59:11+00:00","og_image":[{"width":1493,"height":1920,"url":"https:\/\/farolesdeforja.es\/wp-content\/uploads\/2025\/12\/Farol-renacimiento-Columnas-Repujadas.jpg","type":"image\/jpeg"}],"twitter_card":"summary_large_image","twitter_misc":{"Est. reading time":"1 minute"},"schema":{"@context":"https:\/\/schema.org","@graph":[{"@type":"WebPage","@id":"https:\/\/farolesdeforja.es\/en\/tienda\/specials\/unique-pieces\/farol-renacimiento-columnas-repujadas\/","url":"https:\/\/farolesdeforja.es\/en\/tienda\/specials\/unique-pieces\/farol-renacimiento-columnas-repujadas\/","name":"Farol Renacimiento Columnas Repujadas | Salcedo Sevilla","isPartOf":{"@id":"https:\/\/farolesdeforja.es\/en\/#website"},"primaryImageOfPage":{"@id":"https:\/\/farolesdeforja.es\/en\/tienda\/specials\/unique-pieces\/farol-renacimiento-columnas-repujadas\/#primaryimage"},"image":{"@id":"https:\/\/farolesdeforja.es\/en\/tienda\/specials\/unique-pieces\/farol-renacimiento-columnas-repujadas\/#primaryimage"},"thumbnailUrl":"https:\/\/farolesdeforja.es\/wp-content\/uploads\/2025\/12\/Farol-renacimiento-Columnas-Repujadas.jpg","datePublished":"2025-12-05T12:58:12+00:00","dateModified":"2025-12-05T12:59:11+00:00","description":"Master craftsmen since 1971! Handcrafted in our workshops. FREE SHIPPING to mainland Spain on orders over \u20ac175. Discover our Farol Renacimiento Columnas Repujadas and many more unique pieces.","breadcrumb":{"@id":"https:\/\/farolesdeforja.es\/en\/tienda\/specials\/unique-pieces\/farol-renacimiento-columnas-repujadas\/#breadcrumb"},"inLanguage":"en-US","potentialAction":[{"@type":"ReadAction","target":["https:\/\/farolesdeforja.es\/en\/tienda\/specials\/unique-pieces\/farol-renacimiento-columnas-repujadas\/"]}]},{"@type":"ImageObject","inLanguage":"en-US","@id":"https:\/\/farolesdeforja.es\/en\/tienda\/specials\/unique-pieces\/farol-renacimiento-columnas-repujadas\/#primaryimage","url":"https:\/\/farolesdeforja.es\/wp-content\/uploads\/2025\/12\/Farol-renacimiento-Columnas-Repujadas.jpg","contentUrl":"https:\/\/farolesdeforja.es\/wp-content\/uploads\/2025\/12\/Farol-renacimiento-Columnas-Repujadas.jpg","width":1493,"height":1920},{"@type":"BreadcrumbList","@id":"https:\/\/farolesdeforja.es\/en\/tienda\/specials\/unique-pieces\/farol-renacimiento-columnas-repujadas\/#breadcrumb","itemListElement":[{"@type":"ListItem","position":1,"name":"Inicio","item":"https:\/\/farolesdeforja.es\/en\/"},{"@type":"ListItem","position":2,"name":"Shop","item":"https:\/\/farolesdeforja.es\/en\/shop\/"},{"@type":"ListItem","position":3,"name":"SPECIALS","item":"https:\/\/farolesdeforja.es\/en\/specials\/"},{"@type":"ListItem","position":4,"name":"Farol Renacimiento Columnas Repujadas"}]},{"@type":"WebSite","@id":"https:\/\/farolesdeforja.es\/en\/#website","url":"https:\/\/farolesdeforja.es\/en\/","name":"Faroles de forja y Mobiliario de forja art\u00edstica | Artesan\u00eda Salcedo Sevilla","description":"Faroles de forja y mobiliario fabricados de forma artesanal desde 1971. Artesan\u00eda Salcedo es referente en forja art\u00edstica en Sevilla. Compra online de faroles de forja y env\u00edo GRATIS en casi todos los art\u00edculos \u00a1Personalizamos cualquier pieza!","publisher":{"@id":"https:\/\/farolesdeforja.es\/en\/#organization"},"alternateName":"Salcedo Sevilla","potentialAction":[{"@type":"SearchAction","target":{"@type":"EntryPoint","urlTemplate":"https:\/\/farolesdeforja.es\/en\/?s={search_term_string}"},"query-input":{"@type":"PropertyValueSpecification","valueRequired":true,"valueName":"search_term_string"}}],"inLanguage":"en-US"},{"@type":"Organization","@id":"https:\/\/farolesdeforja.es\/en\/#organization","name":"Salcedo Sevilla","url":"https:\/\/farolesdeforja.es\/en\/","logo":{"@type":"ImageObject","inLanguage":"en-US","@id":"https:\/\/farolesdeforja.es\/en\/#\/schema\/logo\/image\/","url":"https:\/\/farolesdeforja.es\/wp-content\/uploads\/2018\/04\/cropped-favicon.png","contentUrl":"https:\/\/farolesdeforja.es\/wp-content\/uploads\/2018\/04\/cropped-favicon.png","width":512,"height":512,"caption":"Salcedo Sevilla"},"image":{"@id":"https:\/\/farolesdeforja.es\/en\/#\/schema\/logo\/image\/"},"sameAs":["https:\/\/www.facebook.com\/salcedosevilla","https:\/\/www.instagram.com\/farolesdeforja\/","https:\/\/www.pinterest.com\/Farolesdeforja\/"]}]}},"uagb_featured_image_src":{"full":["https:\/\/farolesdeforja.es\/wp-content\/uploads\/2025\/12\/Farol-renacimiento-Columnas-Repujadas.jpg",1493,1920,false],"thumbnail":["https:\/\/farolesdeforja.es\/wp-content\/uploads\/2025\/12\/Farol-renacimiento-Columnas-Repujadas-150x150.jpg",150,150,true],"medium":["https:\/\/farolesdeforja.es\/wp-content\/uploads\/2025\/12\/Farol-renacimiento-Columnas-Repujadas-233x300.jpg",233,300,true],"medium_large":["https:\/\/farolesdeforja.es\/wp-content\/uploads\/2025\/12\/Farol-renacimiento-Columnas-Repujadas-768x988.jpg",768,988,true],"large":["https:\/\/farolesdeforja.es\/wp-content\/uploads\/2025\/12\/Farol-renacimiento-Columnas-Repujadas-796x1024.jpg",796,1024,true],"1536x1536":["https:\/\/farolesdeforja.es\/wp-content\/uploads\/2025\/12\/Farol-renacimiento-Columnas-Repujadas-1194x1536.jpg",1194,1536,true],"2048x2048":["https:\/\/farolesdeforja.es\/wp-content\/uploads\/2025\/12\/Farol-renacimiento-Columnas-Repujadas.jpg",1493,1920,false],"bdpp-medium":["https:\/\/farolesdeforja.es\/wp-content\/uploads\/2025\/12\/Farol-renacimiento-Columnas-Repujadas-640x480.jpg",640,480,true],"woocommerce_thumbnail":["https:\/\/farolesdeforja.es\/wp-content\/uploads\/2025\/12\/Farol-renacimiento-Columnas-Repujadas-300x300.jpg",300,300,true],"woocommerce_single":["https:\/\/farolesdeforja.es\/wp-content\/uploads\/2025\/12\/Farol-renacimiento-Columnas-Repujadas-600x772.jpg",600,772,true],"woocommerce_gallery_thumbnail":["https:\/\/farolesdeforja.es\/wp-content\/uploads\/2025\/12\/Farol-renacimiento-Columnas-Repujadas-100x100.jpg",100,100,true]},"uagb_author_info":{"display_name":"Salcedo artesan\u00eda","author_link":"https:\/\/farolesdeforja.es\/en\/author\/"},"uagb_comment_info":0,"uagb_excerpt":"Material: Chapa de acero cubierta de esta\u00f1o y vidrio","_links":{"self":[{"href":"https:\/\/farolesdeforja.es\/en\/wp-json\/wp\/v2\/product\/25092","targetHints":{"allow":["GET"]}}],"collection":[{"href":"https:\/\/farolesdeforja.es\/en\/wp-json\/wp\/v2\/product"}],"about":[{"href":"https:\/\/farolesdeforja.es\/en\/wp-json\/wp\/v2\/types\/product"}],"wp:featuredmedia":[{"embeddable":true,"href":"https:\/\/farolesdeforja.es\/en\/wp-json\/wp\/v2\/media\/25088"}],"wp:attachment":[{"href":"https:\/\/farolesdeforja.es\/en\/wp-json\/wp\/v2\/media?parent=25092"}],"wp:term":[{"taxonomy":"product_brand","embeddable":true,"href":"https:\/\/farolesdeforja.es\/en\/wp-json\/wp\/v2\/product_brand?post=25092"},{"taxonomy":"product_cat","embeddable":true,"href":"https:\/\/farolesdeforja.es\/en\/wp-json\/wp\/v2\/product_cat?post=25092"},{"taxonomy":"product_tag","embeddable":true,"href":"https:\/\/farolesdeforja.es\/en\/wp-json\/wp\/v2\/product_tag?post=25092"}],"curies":[{"name":"wp","href":"https:\/\/api.w.org\/{rel}","templated":true}]}}