{"id":23877,"date":"2018-05-17T09:40:54","date_gmt":"2018-05-17T08:40:54","guid":{"rendered":"https:\/\/farolesdeforja.es\/producto\/farol-con-soporte-los-rosales\/"},"modified":"2025-06-10T10:25:58","modified_gmt":"2025-06-10T09:25:58","slug":"lantern-with-los-rosales-bracket","status":"publish","type":"product","link":"https:\/\/farolesdeforja.es\/en\/tienda\/lanterns\/lanterns-with-arm\/lantern-with-los-rosales-bracket\/","title":{"rendered":"Lantern with &#8216;Los Rosales&#8217; bracket"},"content":{"rendered":"<p>Lantern with stand, &#8216;Los Rosales&#8217; model. Suitable for outdoor use. Galvanized sheet metal and translucent white glass. Can also be made with clear glass if desired. Dimensions, including the arm, are 95 cm high and 80 cm from the wall.<\/p>\n","protected":false},"excerpt":{"rendered":"<p><strong>Material<\/strong>: Galvanized sheet metal, glass.<\/p>\n","protected":false},"featured_media":20498,"template":"","meta":{"inline_featured_image":false,"_uag_custom_page_level_css":"","site-sidebar-layout":"default","site-content-layout":"","ast-site-content-layout":"default","site-content-style":"default","site-sidebar-style":"default","ast-global-header-display":"","ast-banner-title-visibility":"","ast-main-header-display":"","ast-hfb-above-header-display":"","ast-hfb-below-header-display":"","ast-hfb-mobile-header-display":"","site-post-title":"","ast-breadcrumbs-content":"","ast-featured-img":"","footer-sml-layout":"","ast-disable-related-posts":"","theme-transparent-header-meta":"default","adv-header-id-meta":"","stick-header-meta":"","header-above-stick-meta":"","header-main-stick-meta":"","header-below-stick-meta":"","astra-migrate-meta-layouts":"set","ast-page-background-enabled":"default","ast-page-background-meta":{"desktop":{"background-color":"var(--ast-global-color-4)","background-image":"","background-repeat":"repeat","background-position":"center center","background-size":"auto","background-attachment":"scroll","background-type":"","background-media":"","overlay-type":"","overlay-color":"","overlay-opacity":"","overlay-gradient":""},"tablet":{"background-color":"","background-image":"","background-repeat":"repeat","background-position":"center center","background-size":"auto","background-attachment":"scroll","background-type":"","background-media":"","overlay-type":"","overlay-color":"","overlay-opacity":"","overlay-gradient":""},"mobile":{"background-color":"","background-image":"","background-repeat":"repeat","background-position":"center center","background-size":"auto","background-attachment":"scroll","background-type":"","background-media":"","overlay-type":"","overlay-color":"","overlay-opacity":"","overlay-gradient":""}},"ast-content-background-meta":{"desktop":{"background-color":"var(--ast-global-color-5)","background-image":"","background-repeat":"repeat","background-position":"center center","background-size":"auto","background-attachment":"scroll","background-type":"","background-media":"","overlay-type":"","overlay-color":"","overlay-opacity":"","overlay-gradient":""},"tablet":{"background-color":"var(--ast-global-color-5)","background-image":"","background-repeat":"repeat","background-position":"center center","background-size":"auto","background-attachment":"scroll","background-type":"","background-media":"","overlay-type":"","overlay-color":"","overlay-opacity":"","overlay-gradient":""},"mobile":{"background-color":"var(--ast-global-color-5)","background-image":"","background-repeat":"repeat","background-position":"center center","background-size":"auto","background-attachment":"scroll","background-type":"","background-media":"","overlay-type":"","overlay-color":"","overlay-opacity":"","overlay-gradient":""}}},"product_brand":[],"product_cat":[629],"product_tag":[],"class_list":{"0":"post-23877","1":"product","2":"type-product","3":"status-publish","4":"has-post-thumbnail","6":"product_cat-lanterns-with-arm","7":"desktop-align-center","8":"tablet-align-left","9":"mobile-align-center","11":"first","12":"instock","13":"shipping-taxable","14":"purchasable","15":"product-type-variable","16":"has-default-attributes"},"yoast_head":"<!-- This site is optimized with the Yoast SEO plugin v27.4 - https:\/\/yoast.com\/product\/yoast-seo-wordpress\/ -->\n<title>Lantern with &#039;Los Rosales&#039; bracket | Salcedo Sevilla<\/title>\n<meta name=\"description\" content=\"Black lantern with hanging bracket made of sheet metal and translucent white glass. &gt;&gt; Available in various colors. &gt;&gt; FREE SHIPPING.\" \/>\n<meta name=\"robots\" content=\"index, follow, max-snippet:-1, max-image-preview:large, max-video-preview:-1\" \/>\n<link rel=\"canonical\" href=\"https:\/\/farolesdeforja.es\/en\/tienda\/lanterns\/lanterns-with-arm\/lantern-with-los-rosales-bracket\/\" \/>\n<meta property=\"og:locale\" content=\"en_US\" \/>\n<meta property=\"og:type\" content=\"article\" \/>\n<meta property=\"og:title\" content=\"Lantern with &#039;Los Rosales&#039; bracket | Salcedo Sevilla\" \/>\n<meta property=\"og:description\" content=\"Black lantern with hanging bracket made of sheet metal and translucent white glass. &gt;&gt; Available in various colors. &gt;&gt; FREE SHIPPING.\" \/>\n<meta property=\"og:url\" content=\"https:\/\/farolesdeforja.es\/en\/tienda\/lanterns\/lanterns-with-arm\/lantern-with-los-rosales-bracket\/\" \/>\n<meta property=\"og:site_name\" content=\"Faroles de forja y Mobiliario de forja art\u00edstica | Artesan\u00eda Salcedo Sevilla\" \/>\n<meta property=\"article:publisher\" content=\"https:\/\/www.facebook.com\/salcedosevilla\" \/>\n<meta property=\"article:modified_time\" content=\"2025-06-10T09:25:58+00:00\" \/>\n<meta property=\"og:image\" content=\"https:\/\/farolesdeforja.es\/wp-content\/uploads\/2018\/05\/farol-los-rosales-con-soporte-79cm-x-39cm-.jpg\" \/>\n\t<meta property=\"og:image:width\" content=\"800\" \/>\n\t<meta property=\"og:image:height\" content=\"800\" \/>\n\t<meta property=\"og:image:type\" content=\"image\/jpeg\" \/>\n<meta name=\"twitter:card\" content=\"summary_large_image\" \/>\n<meta name=\"twitter:label1\" content=\"Est. reading time\" \/>\n\t<meta name=\"twitter:data1\" content=\"1 minute\" \/>\n<script type=\"application\/ld+json\" class=\"yoast-schema-graph\">{\"@context\":\"https:\\\/\\\/schema.org\",\"@graph\":[{\"@type\":\"WebPage\",\"@id\":\"https:\\\/\\\/farolesdeforja.es\\\/en\\\/tienda\\\/lanterns\\\/lanterns-with-arm\\\/lantern-with-los-rosales-bracket\\\/\",\"url\":\"https:\\\/\\\/farolesdeforja.es\\\/en\\\/tienda\\\/lanterns\\\/lanterns-with-arm\\\/lantern-with-los-rosales-bracket\\\/\",\"name\":\"Lantern with 'Los Rosales' bracket | Salcedo Sevilla\",\"isPartOf\":{\"@id\":\"https:\\\/\\\/farolesdeforja.es\\\/en\\\/#website\"},\"primaryImageOfPage\":{\"@id\":\"https:\\\/\\\/farolesdeforja.es\\\/en\\\/tienda\\\/lanterns\\\/lanterns-with-arm\\\/lantern-with-los-rosales-bracket\\\/#primaryimage\"},\"image\":{\"@id\":\"https:\\\/\\\/farolesdeforja.es\\\/en\\\/tienda\\\/lanterns\\\/lanterns-with-arm\\\/lantern-with-los-rosales-bracket\\\/#primaryimage\"},\"thumbnailUrl\":\"https:\\\/\\\/farolesdeforja.es\\\/wp-content\\\/uploads\\\/2018\\\/05\\\/farol-los-rosales-con-soporte-79cm-x-39cm-.jpg\",\"datePublished\":\"2018-05-17T08:40:54+00:00\",\"dateModified\":\"2025-06-10T09:25:58+00:00\",\"description\":\"Black lantern with hanging bracket made of sheet metal and translucent white glass. >> Available in various colors. >> FREE SHIPPING.\",\"breadcrumb\":{\"@id\":\"https:\\\/\\\/farolesdeforja.es\\\/en\\\/tienda\\\/lanterns\\\/lanterns-with-arm\\\/lantern-with-los-rosales-bracket\\\/#breadcrumb\"},\"inLanguage\":\"en-US\",\"potentialAction\":[{\"@type\":\"ReadAction\",\"target\":[\"https:\\\/\\\/farolesdeforja.es\\\/en\\\/tienda\\\/lanterns\\\/lanterns-with-arm\\\/lantern-with-los-rosales-bracket\\\/\"]}]},{\"@type\":\"ImageObject\",\"inLanguage\":\"en-US\",\"@id\":\"https:\\\/\\\/farolesdeforja.es\\\/en\\\/tienda\\\/lanterns\\\/lanterns-with-arm\\\/lantern-with-los-rosales-bracket\\\/#primaryimage\",\"url\":\"https:\\\/\\\/farolesdeforja.es\\\/wp-content\\\/uploads\\\/2018\\\/05\\\/farol-los-rosales-con-soporte-79cm-x-39cm-.jpg\",\"contentUrl\":\"https:\\\/\\\/farolesdeforja.es\\\/wp-content\\\/uploads\\\/2018\\\/05\\\/farol-los-rosales-con-soporte-79cm-x-39cm-.jpg\",\"width\":800,\"height\":800},{\"@type\":\"BreadcrumbList\",\"@id\":\"https:\\\/\\\/farolesdeforja.es\\\/en\\\/tienda\\\/lanterns\\\/lanterns-with-arm\\\/lantern-with-los-rosales-bracket\\\/#breadcrumb\",\"itemListElement\":[{\"@type\":\"ListItem\",\"position\":1,\"name\":\"Inicio\",\"item\":\"https:\\\/\\\/farolesdeforja.es\\\/en\\\/\"},{\"@type\":\"ListItem\",\"position\":2,\"name\":\"Shop\",\"item\":\"https:\\\/\\\/farolesdeforja.es\\\/en\\\/shop\\\/\"},{\"@type\":\"ListItem\",\"position\":3,\"name\":\"LANTERNS\",\"item\":\"https:\\\/\\\/farolesdeforja.es\\\/en\\\/lanterns\\\/\"},{\"@type\":\"ListItem\",\"position\":4,\"name\":\"Lanterns with arm\",\"item\":\"https:\\\/\\\/farolesdeforja.es\\\/en\\\/lanterns-with-arm\\\/\"},{\"@type\":\"ListItem\",\"position\":5,\"name\":\"Lantern with &#8216;Los Rosales&#8217; bracket\"}]},{\"@type\":\"WebSite\",\"@id\":\"https:\\\/\\\/farolesdeforja.es\\\/en\\\/#website\",\"url\":\"https:\\\/\\\/farolesdeforja.es\\\/en\\\/\",\"name\":\"Faroles de forja y Mobiliario de forja art\u00edstica | Artesan\u00eda Salcedo Sevilla\",\"description\":\"Faroles de forja y mobiliario fabricados de forma artesanal desde 1971. Artesan\u00eda Salcedo es referente en forja art\u00edstica en Sevilla. Compra online de faroles de forja y env\u00edo GRATIS en casi todos los art\u00edculos \u00a1Personalizamos cualquier pieza!\",\"publisher\":{\"@id\":\"https:\\\/\\\/farolesdeforja.es\\\/en\\\/#organization\"},\"alternateName\":\"Salcedo Sevilla\",\"potentialAction\":[{\"@type\":\"SearchAction\",\"target\":{\"@type\":\"EntryPoint\",\"urlTemplate\":\"https:\\\/\\\/farolesdeforja.es\\\/en\\\/?s={search_term_string}\"},\"query-input\":{\"@type\":\"PropertyValueSpecification\",\"valueRequired\":true,\"valueName\":\"search_term_string\"}}],\"inLanguage\":\"en-US\"},{\"@type\":\"Organization\",\"@id\":\"https:\\\/\\\/farolesdeforja.es\\\/en\\\/#organization\",\"name\":\"Salcedo Sevilla\",\"url\":\"https:\\\/\\\/farolesdeforja.es\\\/en\\\/\",\"logo\":{\"@type\":\"ImageObject\",\"inLanguage\":\"en-US\",\"@id\":\"https:\\\/\\\/farolesdeforja.es\\\/en\\\/#\\\/schema\\\/logo\\\/image\\\/\",\"url\":\"https:\\\/\\\/farolesdeforja.es\\\/wp-content\\\/uploads\\\/2018\\\/04\\\/cropped-favicon.png\",\"contentUrl\":\"https:\\\/\\\/farolesdeforja.es\\\/wp-content\\\/uploads\\\/2018\\\/04\\\/cropped-favicon.png\",\"width\":512,\"height\":512,\"caption\":\"Salcedo Sevilla\"},\"image\":{\"@id\":\"https:\\\/\\\/farolesdeforja.es\\\/en\\\/#\\\/schema\\\/logo\\\/image\\\/\"},\"sameAs\":[\"https:\\\/\\\/www.facebook.com\\\/salcedosevilla\",\"https:\\\/\\\/www.instagram.com\\\/farolesdeforja\\\/\",\"https:\\\/\\\/www.pinterest.com\\\/Farolesdeforja\\\/\"]}]}<\/script>\n<!-- \/ Yoast SEO plugin. -->","yoast_head_json":{"title":"Lantern with 'Los Rosales' bracket | Salcedo Sevilla","description":"Black lantern with hanging bracket made of sheet metal and translucent white glass. >> Available in various colors. >> FREE SHIPPING.","robots":{"index":"index","follow":"follow","max-snippet":"max-snippet:-1","max-image-preview":"max-image-preview:large","max-video-preview":"max-video-preview:-1"},"canonical":"https:\/\/farolesdeforja.es\/en\/tienda\/lanterns\/lanterns-with-arm\/lantern-with-los-rosales-bracket\/","og_locale":"en_US","og_type":"article","og_title":"Lantern with 'Los Rosales' bracket | Salcedo Sevilla","og_description":"Black lantern with hanging bracket made of sheet metal and translucent white glass. >> Available in various colors. >> FREE SHIPPING.","og_url":"https:\/\/farolesdeforja.es\/en\/tienda\/lanterns\/lanterns-with-arm\/lantern-with-los-rosales-bracket\/","og_site_name":"Faroles de forja y Mobiliario de forja art\u00edstica | Artesan\u00eda Salcedo Sevilla","article_publisher":"https:\/\/www.facebook.com\/salcedosevilla","article_modified_time":"2025-06-10T09:25:58+00:00","og_image":[{"width":800,"height":800,"url":"https:\/\/farolesdeforja.es\/wp-content\/uploads\/2018\/05\/farol-los-rosales-con-soporte-79cm-x-39cm-.jpg","type":"image\/jpeg"}],"twitter_card":"summary_large_image","twitter_misc":{"Est. reading time":"1 minute"},"schema":{"@context":"https:\/\/schema.org","@graph":[{"@type":"WebPage","@id":"https:\/\/farolesdeforja.es\/en\/tienda\/lanterns\/lanterns-with-arm\/lantern-with-los-rosales-bracket\/","url":"https:\/\/farolesdeforja.es\/en\/tienda\/lanterns\/lanterns-with-arm\/lantern-with-los-rosales-bracket\/","name":"Lantern with 'Los Rosales' bracket | Salcedo Sevilla","isPartOf":{"@id":"https:\/\/farolesdeforja.es\/en\/#website"},"primaryImageOfPage":{"@id":"https:\/\/farolesdeforja.es\/en\/tienda\/lanterns\/lanterns-with-arm\/lantern-with-los-rosales-bracket\/#primaryimage"},"image":{"@id":"https:\/\/farolesdeforja.es\/en\/tienda\/lanterns\/lanterns-with-arm\/lantern-with-los-rosales-bracket\/#primaryimage"},"thumbnailUrl":"https:\/\/farolesdeforja.es\/wp-content\/uploads\/2018\/05\/farol-los-rosales-con-soporte-79cm-x-39cm-.jpg","datePublished":"2018-05-17T08:40:54+00:00","dateModified":"2025-06-10T09:25:58+00:00","description":"Black lantern with hanging bracket made of sheet metal and translucent white glass. >> Available in various colors. >> FREE SHIPPING.","breadcrumb":{"@id":"https:\/\/farolesdeforja.es\/en\/tienda\/lanterns\/lanterns-with-arm\/lantern-with-los-rosales-bracket\/#breadcrumb"},"inLanguage":"en-US","potentialAction":[{"@type":"ReadAction","target":["https:\/\/farolesdeforja.es\/en\/tienda\/lanterns\/lanterns-with-arm\/lantern-with-los-rosales-bracket\/"]}]},{"@type":"ImageObject","inLanguage":"en-US","@id":"https:\/\/farolesdeforja.es\/en\/tienda\/lanterns\/lanterns-with-arm\/lantern-with-los-rosales-bracket\/#primaryimage","url":"https:\/\/farolesdeforja.es\/wp-content\/uploads\/2018\/05\/farol-los-rosales-con-soporte-79cm-x-39cm-.jpg","contentUrl":"https:\/\/farolesdeforja.es\/wp-content\/uploads\/2018\/05\/farol-los-rosales-con-soporte-79cm-x-39cm-.jpg","width":800,"height":800},{"@type":"BreadcrumbList","@id":"https:\/\/farolesdeforja.es\/en\/tienda\/lanterns\/lanterns-with-arm\/lantern-with-los-rosales-bracket\/#breadcrumb","itemListElement":[{"@type":"ListItem","position":1,"name":"Inicio","item":"https:\/\/farolesdeforja.es\/en\/"},{"@type":"ListItem","position":2,"name":"Shop","item":"https:\/\/farolesdeforja.es\/en\/shop\/"},{"@type":"ListItem","position":3,"name":"LANTERNS","item":"https:\/\/farolesdeforja.es\/en\/lanterns\/"},{"@type":"ListItem","position":4,"name":"Lanterns with arm","item":"https:\/\/farolesdeforja.es\/en\/lanterns-with-arm\/"},{"@type":"ListItem","position":5,"name":"Lantern with &#8216;Los Rosales&#8217; bracket"}]},{"@type":"WebSite","@id":"https:\/\/farolesdeforja.es\/en\/#website","url":"https:\/\/farolesdeforja.es\/en\/","name":"Faroles de forja y Mobiliario de forja art\u00edstica | Artesan\u00eda Salcedo Sevilla","description":"Faroles de forja y mobiliario fabricados de forma artesanal desde 1971. Artesan\u00eda Salcedo es referente en forja art\u00edstica en Sevilla. Compra online de faroles de forja y env\u00edo GRATIS en casi todos los art\u00edculos \u00a1Personalizamos cualquier pieza!","publisher":{"@id":"https:\/\/farolesdeforja.es\/en\/#organization"},"alternateName":"Salcedo Sevilla","potentialAction":[{"@type":"SearchAction","target":{"@type":"EntryPoint","urlTemplate":"https:\/\/farolesdeforja.es\/en\/?s={search_term_string}"},"query-input":{"@type":"PropertyValueSpecification","valueRequired":true,"valueName":"search_term_string"}}],"inLanguage":"en-US"},{"@type":"Organization","@id":"https:\/\/farolesdeforja.es\/en\/#organization","name":"Salcedo Sevilla","url":"https:\/\/farolesdeforja.es\/en\/","logo":{"@type":"ImageObject","inLanguage":"en-US","@id":"https:\/\/farolesdeforja.es\/en\/#\/schema\/logo\/image\/","url":"https:\/\/farolesdeforja.es\/wp-content\/uploads\/2018\/04\/cropped-favicon.png","contentUrl":"https:\/\/farolesdeforja.es\/wp-content\/uploads\/2018\/04\/cropped-favicon.png","width":512,"height":512,"caption":"Salcedo Sevilla"},"image":{"@id":"https:\/\/farolesdeforja.es\/en\/#\/schema\/logo\/image\/"},"sameAs":["https:\/\/www.facebook.com\/salcedosevilla","https:\/\/www.instagram.com\/farolesdeforja\/","https:\/\/www.pinterest.com\/Farolesdeforja\/"]}]}},"uagb_featured_image_src":{"full":["https:\/\/farolesdeforja.es\/wp-content\/uploads\/2018\/05\/farol-los-rosales-con-soporte-79cm-x-39cm-.jpg",800,800,false],"thumbnail":["https:\/\/farolesdeforja.es\/wp-content\/uploads\/2018\/05\/farol-los-rosales-con-soporte-79cm-x-39cm--150x150.jpg",150,150,true],"medium":["https:\/\/farolesdeforja.es\/wp-content\/uploads\/2018\/05\/farol-los-rosales-con-soporte-79cm-x-39cm--300x300.jpg",300,300,true],"medium_large":["https:\/\/farolesdeforja.es\/wp-content\/uploads\/2018\/05\/farol-los-rosales-con-soporte-79cm-x-39cm--768x768.jpg",768,768,true],"large":["https:\/\/farolesdeforja.es\/wp-content\/uploads\/2018\/05\/farol-los-rosales-con-soporte-79cm-x-39cm-.jpg",800,800,false],"1536x1536":["https:\/\/farolesdeforja.es\/wp-content\/uploads\/2018\/05\/farol-los-rosales-con-soporte-79cm-x-39cm-.jpg",800,800,false],"2048x2048":["https:\/\/farolesdeforja.es\/wp-content\/uploads\/2018\/05\/farol-los-rosales-con-soporte-79cm-x-39cm-.jpg",800,800,false],"bdpp-medium":["https:\/\/farolesdeforja.es\/wp-content\/uploads\/2018\/05\/farol-los-rosales-con-soporte-79cm-x-39cm-.jpg",480,480,false],"woocommerce_thumbnail":["https:\/\/farolesdeforja.es\/wp-content\/uploads\/2018\/05\/farol-los-rosales-con-soporte-79cm-x-39cm--300x300.jpg",300,300,true],"woocommerce_single":["https:\/\/farolesdeforja.es\/wp-content\/uploads\/2018\/05\/farol-los-rosales-con-soporte-79cm-x-39cm--600x600.jpg",600,600,true],"woocommerce_gallery_thumbnail":["https:\/\/farolesdeforja.es\/wp-content\/uploads\/2018\/05\/farol-los-rosales-con-soporte-79cm-x-39cm--100x100.jpg",100,100,true]},"uagb_author_info":{"display_name":"Alberto Tello","author_link":"https:\/\/farolesdeforja.es\/en\/author\/"},"uagb_comment_info":0,"uagb_excerpt":"Material: Galvanized sheet metal, glass.","_links":{"self":[{"href":"https:\/\/farolesdeforja.es\/en\/wp-json\/wp\/v2\/product\/23877","targetHints":{"allow":["GET"]}}],"collection":[{"href":"https:\/\/farolesdeforja.es\/en\/wp-json\/wp\/v2\/product"}],"about":[{"href":"https:\/\/farolesdeforja.es\/en\/wp-json\/wp\/v2\/types\/product"}],"wp:featuredmedia":[{"embeddable":true,"href":"https:\/\/farolesdeforja.es\/en\/wp-json\/wp\/v2\/media\/20498"}],"wp:attachment":[{"href":"https:\/\/farolesdeforja.es\/en\/wp-json\/wp\/v2\/media?parent=23877"}],"wp:term":[{"taxonomy":"product_brand","embeddable":true,"href":"https:\/\/farolesdeforja.es\/en\/wp-json\/wp\/v2\/product_brand?post=23877"},{"taxonomy":"product_cat","embeddable":true,"href":"https:\/\/farolesdeforja.es\/en\/wp-json\/wp\/v2\/product_cat?post=23877"},{"taxonomy":"product_tag","embeddable":true,"href":"https:\/\/farolesdeforja.es\/en\/wp-json\/wp\/v2\/product_tag?post=23877"}],"curies":[{"name":"wp","href":"https:\/\/api.w.org\/{rel}","templated":true}]}}