{"id":23197,"date":"2018-06-01T11:51:32","date_gmt":"2018-06-01T10:51:32","guid":{"rendered":"https:\/\/farolesdeforja.es\/producto\/aplique-farol-atrio\/"},"modified":"2025-06-10T08:41:24","modified_gmt":"2025-06-10T07:41:24","slug":"atrio-wall-lantern","status":"publish","type":"product","link":"https:\/\/farolesdeforja.es\/en\/tienda\/lanterns\/wall-lanterns\/atrio-wall-lantern\/","title":{"rendered":"Atrio wall lantern"},"content":{"rendered":"<p>Traditional wall lantern, made of galvanized metal and transparent cathedral glass.<\/p>\n","protected":false},"excerpt":{"rendered":"<p><strong>Material<\/strong>: Galvanized sheet metal, glass.<\/p>\n","protected":false},"featured_media":21382,"template":"","meta":{"inline_featured_image":false,"_uag_custom_page_level_css":"","site-sidebar-layout":"default","site-content-layout":"","ast-site-content-layout":"default","site-content-style":"default","site-sidebar-style":"default","ast-global-header-display":"","ast-banner-title-visibility":"","ast-main-header-display":"","ast-hfb-above-header-display":"","ast-hfb-below-header-display":"","ast-hfb-mobile-header-display":"","site-post-title":"","ast-breadcrumbs-content":"","ast-featured-img":"","footer-sml-layout":"","ast-disable-related-posts":"","theme-transparent-header-meta":"default","adv-header-id-meta":"","stick-header-meta":"","header-above-stick-meta":"","header-main-stick-meta":"","header-below-stick-meta":"","astra-migrate-meta-layouts":"set","ast-page-background-enabled":"default","ast-page-background-meta":{"desktop":{"background-color":"var(--ast-global-color-4)","background-image":"","background-repeat":"repeat","background-position":"center center","background-size":"auto","background-attachment":"scroll","background-type":"","background-media":"","overlay-type":"","overlay-color":"","overlay-opacity":"","overlay-gradient":""},"tablet":{"background-color":"","background-image":"","background-repeat":"repeat","background-position":"center center","background-size":"auto","background-attachment":"scroll","background-type":"","background-media":"","overlay-type":"","overlay-color":"","overlay-opacity":"","overlay-gradient":""},"mobile":{"background-color":"","background-image":"","background-repeat":"repeat","background-position":"center center","background-size":"auto","background-attachment":"scroll","background-type":"","background-media":"","overlay-type":"","overlay-color":"","overlay-opacity":"","overlay-gradient":""}},"ast-content-background-meta":{"desktop":{"background-color":"var(--ast-global-color-5)","background-image":"","background-repeat":"repeat","background-position":"center center","background-size":"auto","background-attachment":"scroll","background-type":"","background-media":"","overlay-type":"","overlay-color":"","overlay-opacity":"","overlay-gradient":""},"tablet":{"background-color":"var(--ast-global-color-5)","background-image":"","background-repeat":"repeat","background-position":"center center","background-size":"auto","background-attachment":"scroll","background-type":"","background-media":"","overlay-type":"","overlay-color":"","overlay-opacity":"","overlay-gradient":""},"mobile":{"background-color":"var(--ast-global-color-5)","background-image":"","background-repeat":"repeat","background-position":"center center","background-size":"auto","background-attachment":"scroll","background-type":"","background-media":"","overlay-type":"","overlay-color":"","overlay-opacity":"","overlay-gradient":""}}},"product_brand":[],"product_cat":[628],"product_tag":[],"class_list":{"0":"post-23197","1":"product","2":"type-product","3":"status-publish","4":"has-post-thumbnail","6":"product_cat-wall-lanterns","7":"desktop-align-center","8":"tablet-align-left","9":"mobile-align-center","11":"first","12":"instock","13":"shipping-taxable","14":"purchasable","15":"product-type-variable","16":"has-default-attributes"},"yoast_head":"<!-- This site is optimized with the Yoast SEO plugin v27.4 - https:\/\/yoast.com\/product\/yoast-seo-wordpress\/ -->\n<title>Atrio wall lantern | Salcedo Sevilla<\/title>\n<meta name=\"description\" content=\"Classic Sevillian wall lantern in black with translucent glass. Suitable for outdoor use in parks or gardens. Expert craftsmen since 1971!\" \/>\n<meta name=\"robots\" content=\"index, follow, max-snippet:-1, max-image-preview:large, max-video-preview:-1\" \/>\n<link rel=\"canonical\" href=\"https:\/\/farolesdeforja.es\/en\/tienda\/lanterns\/wall-lanterns\/atrio-wall-lantern\/\" \/>\n<meta property=\"og:locale\" content=\"en_US\" \/>\n<meta property=\"og:type\" content=\"article\" \/>\n<meta property=\"og:title\" content=\"Atrio wall lantern | Salcedo Sevilla\" \/>\n<meta property=\"og:description\" content=\"Classic Sevillian wall lantern in black with translucent glass. Suitable for outdoor use in parks or gardens. Expert craftsmen since 1971!\" \/>\n<meta property=\"og:url\" content=\"https:\/\/farolesdeforja.es\/en\/tienda\/lanterns\/wall-lanterns\/atrio-wall-lantern\/\" \/>\n<meta property=\"og:site_name\" content=\"Faroles de forja y Mobiliario de forja art\u00edstica | Artesan\u00eda Salcedo Sevilla\" \/>\n<meta property=\"article:publisher\" content=\"https:\/\/www.facebook.com\/salcedosevilla\" \/>\n<meta property=\"article:modified_time\" content=\"2025-06-10T07:41:24+00:00\" \/>\n<meta property=\"og:image\" content=\"https:\/\/farolesdeforja.es\/wp-content\/uploads\/2018\/06\/photoroom-20230220_105534-01.png\" \/>\n\t<meta property=\"og:image:width\" content=\"1163\" \/>\n\t<meta property=\"og:image:height\" content=\"1100\" \/>\n\t<meta property=\"og:image:type\" content=\"image\/png\" \/>\n<meta name=\"twitter:card\" content=\"summary_large_image\" \/>\n<meta name=\"twitter:label1\" content=\"Est. reading time\" \/>\n\t<meta name=\"twitter:data1\" content=\"1 minute\" \/>\n<script type=\"application\/ld+json\" class=\"yoast-schema-graph\">{\"@context\":\"https:\\\/\\\/schema.org\",\"@graph\":[{\"@type\":\"WebPage\",\"@id\":\"https:\\\/\\\/farolesdeforja.es\\\/en\\\/tienda\\\/lanterns\\\/wall-lanterns\\\/atrio-wall-lantern\\\/\",\"url\":\"https:\\\/\\\/farolesdeforja.es\\\/en\\\/tienda\\\/lanterns\\\/wall-lanterns\\\/atrio-wall-lantern\\\/\",\"name\":\"Atrio wall lantern | Salcedo Sevilla\",\"isPartOf\":{\"@id\":\"https:\\\/\\\/farolesdeforja.es\\\/en\\\/#website\"},\"primaryImageOfPage\":{\"@id\":\"https:\\\/\\\/farolesdeforja.es\\\/en\\\/tienda\\\/lanterns\\\/wall-lanterns\\\/atrio-wall-lantern\\\/#primaryimage\"},\"image\":{\"@id\":\"https:\\\/\\\/farolesdeforja.es\\\/en\\\/tienda\\\/lanterns\\\/wall-lanterns\\\/atrio-wall-lantern\\\/#primaryimage\"},\"thumbnailUrl\":\"https:\\\/\\\/farolesdeforja.es\\\/wp-content\\\/uploads\\\/2018\\\/06\\\/photoroom-20230220_105534-01.png\",\"datePublished\":\"2018-06-01T10:51:32+00:00\",\"dateModified\":\"2025-06-10T07:41:24+00:00\",\"description\":\"Classic Sevillian wall lantern in black with translucent glass. Suitable for outdoor use in parks or gardens. Expert craftsmen since 1971!\",\"breadcrumb\":{\"@id\":\"https:\\\/\\\/farolesdeforja.es\\\/en\\\/tienda\\\/lanterns\\\/wall-lanterns\\\/atrio-wall-lantern\\\/#breadcrumb\"},\"inLanguage\":\"en-US\",\"potentialAction\":[{\"@type\":\"ReadAction\",\"target\":[\"https:\\\/\\\/farolesdeforja.es\\\/en\\\/tienda\\\/lanterns\\\/wall-lanterns\\\/atrio-wall-lantern\\\/\"]}]},{\"@type\":\"ImageObject\",\"inLanguage\":\"en-US\",\"@id\":\"https:\\\/\\\/farolesdeforja.es\\\/en\\\/tienda\\\/lanterns\\\/wall-lanterns\\\/atrio-wall-lantern\\\/#primaryimage\",\"url\":\"https:\\\/\\\/farolesdeforja.es\\\/wp-content\\\/uploads\\\/2018\\\/06\\\/photoroom-20230220_105534-01.png\",\"contentUrl\":\"https:\\\/\\\/farolesdeforja.es\\\/wp-content\\\/uploads\\\/2018\\\/06\\\/photoroom-20230220_105534-01.png\",\"width\":1163,\"height\":1100},{\"@type\":\"BreadcrumbList\",\"@id\":\"https:\\\/\\\/farolesdeforja.es\\\/en\\\/tienda\\\/lanterns\\\/wall-lanterns\\\/atrio-wall-lantern\\\/#breadcrumb\",\"itemListElement\":[{\"@type\":\"ListItem\",\"position\":1,\"name\":\"Inicio\",\"item\":\"https:\\\/\\\/farolesdeforja.es\\\/en\\\/\"},{\"@type\":\"ListItem\",\"position\":2,\"name\":\"Shop\",\"item\":\"https:\\\/\\\/farolesdeforja.es\\\/en\\\/shop\\\/\"},{\"@type\":\"ListItem\",\"position\":3,\"name\":\"LANTERNS\",\"item\":\"https:\\\/\\\/farolesdeforja.es\\\/en\\\/lanterns\\\/\"},{\"@type\":\"ListItem\",\"position\":4,\"name\":\"Wall lanterns\",\"item\":\"https:\\\/\\\/farolesdeforja.es\\\/en\\\/wall-lanterns\\\/\"},{\"@type\":\"ListItem\",\"position\":5,\"name\":\"Atrio wall lantern\"}]},{\"@type\":\"WebSite\",\"@id\":\"https:\\\/\\\/farolesdeforja.es\\\/en\\\/#website\",\"url\":\"https:\\\/\\\/farolesdeforja.es\\\/en\\\/\",\"name\":\"Faroles de forja y Mobiliario de forja art\u00edstica | Artesan\u00eda Salcedo Sevilla\",\"description\":\"Faroles de forja y mobiliario fabricados de forma artesanal desde 1971. Artesan\u00eda Salcedo es referente en forja art\u00edstica en Sevilla. Compra online de faroles de forja y env\u00edo GRATIS en casi todos los art\u00edculos \u00a1Personalizamos cualquier pieza!\",\"publisher\":{\"@id\":\"https:\\\/\\\/farolesdeforja.es\\\/en\\\/#organization\"},\"alternateName\":\"Salcedo Sevilla\",\"potentialAction\":[{\"@type\":\"SearchAction\",\"target\":{\"@type\":\"EntryPoint\",\"urlTemplate\":\"https:\\\/\\\/farolesdeforja.es\\\/en\\\/?s={search_term_string}\"},\"query-input\":{\"@type\":\"PropertyValueSpecification\",\"valueRequired\":true,\"valueName\":\"search_term_string\"}}],\"inLanguage\":\"en-US\"},{\"@type\":\"Organization\",\"@id\":\"https:\\\/\\\/farolesdeforja.es\\\/en\\\/#organization\",\"name\":\"Salcedo Sevilla\",\"url\":\"https:\\\/\\\/farolesdeforja.es\\\/en\\\/\",\"logo\":{\"@type\":\"ImageObject\",\"inLanguage\":\"en-US\",\"@id\":\"https:\\\/\\\/farolesdeforja.es\\\/en\\\/#\\\/schema\\\/logo\\\/image\\\/\",\"url\":\"https:\\\/\\\/farolesdeforja.es\\\/wp-content\\\/uploads\\\/2018\\\/04\\\/cropped-favicon.png\",\"contentUrl\":\"https:\\\/\\\/farolesdeforja.es\\\/wp-content\\\/uploads\\\/2018\\\/04\\\/cropped-favicon.png\",\"width\":512,\"height\":512,\"caption\":\"Salcedo Sevilla\"},\"image\":{\"@id\":\"https:\\\/\\\/farolesdeforja.es\\\/en\\\/#\\\/schema\\\/logo\\\/image\\\/\"},\"sameAs\":[\"https:\\\/\\\/www.facebook.com\\\/salcedosevilla\",\"https:\\\/\\\/www.instagram.com\\\/farolesdeforja\\\/\",\"https:\\\/\\\/www.pinterest.com\\\/Farolesdeforja\\\/\"]}]}<\/script>\n<!-- \/ Yoast SEO plugin. -->","yoast_head_json":{"title":"Atrio wall lantern | Salcedo Sevilla","description":"Classic Sevillian wall lantern in black with translucent glass. Suitable for outdoor use in parks or gardens. Expert craftsmen since 1971!","robots":{"index":"index","follow":"follow","max-snippet":"max-snippet:-1","max-image-preview":"max-image-preview:large","max-video-preview":"max-video-preview:-1"},"canonical":"https:\/\/farolesdeforja.es\/en\/tienda\/lanterns\/wall-lanterns\/atrio-wall-lantern\/","og_locale":"en_US","og_type":"article","og_title":"Atrio wall lantern | Salcedo Sevilla","og_description":"Classic Sevillian wall lantern in black with translucent glass. Suitable for outdoor use in parks or gardens. Expert craftsmen since 1971!","og_url":"https:\/\/farolesdeforja.es\/en\/tienda\/lanterns\/wall-lanterns\/atrio-wall-lantern\/","og_site_name":"Faroles de forja y Mobiliario de forja art\u00edstica | Artesan\u00eda Salcedo Sevilla","article_publisher":"https:\/\/www.facebook.com\/salcedosevilla","article_modified_time":"2025-06-10T07:41:24+00:00","og_image":[{"width":1163,"height":1100,"url":"https:\/\/farolesdeforja.es\/wp-content\/uploads\/2018\/06\/photoroom-20230220_105534-01.png","type":"image\/png"}],"twitter_card":"summary_large_image","twitter_misc":{"Est. reading time":"1 minute"},"schema":{"@context":"https:\/\/schema.org","@graph":[{"@type":"WebPage","@id":"https:\/\/farolesdeforja.es\/en\/tienda\/lanterns\/wall-lanterns\/atrio-wall-lantern\/","url":"https:\/\/farolesdeforja.es\/en\/tienda\/lanterns\/wall-lanterns\/atrio-wall-lantern\/","name":"Atrio wall lantern | Salcedo Sevilla","isPartOf":{"@id":"https:\/\/farolesdeforja.es\/en\/#website"},"primaryImageOfPage":{"@id":"https:\/\/farolesdeforja.es\/en\/tienda\/lanterns\/wall-lanterns\/atrio-wall-lantern\/#primaryimage"},"image":{"@id":"https:\/\/farolesdeforja.es\/en\/tienda\/lanterns\/wall-lanterns\/atrio-wall-lantern\/#primaryimage"},"thumbnailUrl":"https:\/\/farolesdeforja.es\/wp-content\/uploads\/2018\/06\/photoroom-20230220_105534-01.png","datePublished":"2018-06-01T10:51:32+00:00","dateModified":"2025-06-10T07:41:24+00:00","description":"Classic Sevillian wall lantern in black with translucent glass. Suitable for outdoor use in parks or gardens. Expert craftsmen since 1971!","breadcrumb":{"@id":"https:\/\/farolesdeforja.es\/en\/tienda\/lanterns\/wall-lanterns\/atrio-wall-lantern\/#breadcrumb"},"inLanguage":"en-US","potentialAction":[{"@type":"ReadAction","target":["https:\/\/farolesdeforja.es\/en\/tienda\/lanterns\/wall-lanterns\/atrio-wall-lantern\/"]}]},{"@type":"ImageObject","inLanguage":"en-US","@id":"https:\/\/farolesdeforja.es\/en\/tienda\/lanterns\/wall-lanterns\/atrio-wall-lantern\/#primaryimage","url":"https:\/\/farolesdeforja.es\/wp-content\/uploads\/2018\/06\/photoroom-20230220_105534-01.png","contentUrl":"https:\/\/farolesdeforja.es\/wp-content\/uploads\/2018\/06\/photoroom-20230220_105534-01.png","width":1163,"height":1100},{"@type":"BreadcrumbList","@id":"https:\/\/farolesdeforja.es\/en\/tienda\/lanterns\/wall-lanterns\/atrio-wall-lantern\/#breadcrumb","itemListElement":[{"@type":"ListItem","position":1,"name":"Inicio","item":"https:\/\/farolesdeforja.es\/en\/"},{"@type":"ListItem","position":2,"name":"Shop","item":"https:\/\/farolesdeforja.es\/en\/shop\/"},{"@type":"ListItem","position":3,"name":"LANTERNS","item":"https:\/\/farolesdeforja.es\/en\/lanterns\/"},{"@type":"ListItem","position":4,"name":"Wall lanterns","item":"https:\/\/farolesdeforja.es\/en\/wall-lanterns\/"},{"@type":"ListItem","position":5,"name":"Atrio wall lantern"}]},{"@type":"WebSite","@id":"https:\/\/farolesdeforja.es\/en\/#website","url":"https:\/\/farolesdeforja.es\/en\/","name":"Faroles de forja y Mobiliario de forja art\u00edstica | Artesan\u00eda Salcedo Sevilla","description":"Faroles de forja y mobiliario fabricados de forma artesanal desde 1971. Artesan\u00eda Salcedo es referente en forja art\u00edstica en Sevilla. Compra online de faroles de forja y env\u00edo GRATIS en casi todos los art\u00edculos \u00a1Personalizamos cualquier pieza!","publisher":{"@id":"https:\/\/farolesdeforja.es\/en\/#organization"},"alternateName":"Salcedo Sevilla","potentialAction":[{"@type":"SearchAction","target":{"@type":"EntryPoint","urlTemplate":"https:\/\/farolesdeforja.es\/en\/?s={search_term_string}"},"query-input":{"@type":"PropertyValueSpecification","valueRequired":true,"valueName":"search_term_string"}}],"inLanguage":"en-US"},{"@type":"Organization","@id":"https:\/\/farolesdeforja.es\/en\/#organization","name":"Salcedo Sevilla","url":"https:\/\/farolesdeforja.es\/en\/","logo":{"@type":"ImageObject","inLanguage":"en-US","@id":"https:\/\/farolesdeforja.es\/en\/#\/schema\/logo\/image\/","url":"https:\/\/farolesdeforja.es\/wp-content\/uploads\/2018\/04\/cropped-favicon.png","contentUrl":"https:\/\/farolesdeforja.es\/wp-content\/uploads\/2018\/04\/cropped-favicon.png","width":512,"height":512,"caption":"Salcedo Sevilla"},"image":{"@id":"https:\/\/farolesdeforja.es\/en\/#\/schema\/logo\/image\/"},"sameAs":["https:\/\/www.facebook.com\/salcedosevilla","https:\/\/www.instagram.com\/farolesdeforja\/","https:\/\/www.pinterest.com\/Farolesdeforja\/"]}]}},"uagb_featured_image_src":{"full":["https:\/\/farolesdeforja.es\/wp-content\/uploads\/2018\/06\/photoroom-20230220_105534-01.png",1163,1100,false],"thumbnail":["https:\/\/farolesdeforja.es\/wp-content\/uploads\/2018\/06\/photoroom-20230220_105534-01-150x150.png",150,150,true],"medium":["https:\/\/farolesdeforja.es\/wp-content\/uploads\/2018\/06\/photoroom-20230220_105534-01-300x284.png",300,284,true],"medium_large":["https:\/\/farolesdeforja.es\/wp-content\/uploads\/2018\/06\/photoroom-20230220_105534-01-768x726.png",768,726,true],"large":["https:\/\/farolesdeforja.es\/wp-content\/uploads\/2018\/06\/photoroom-20230220_105534-01-1024x969.png",1024,969,true],"1536x1536":["https:\/\/farolesdeforja.es\/wp-content\/uploads\/2018\/06\/photoroom-20230220_105534-01.png",1163,1100,false],"2048x2048":["https:\/\/farolesdeforja.es\/wp-content\/uploads\/2018\/06\/photoroom-20230220_105534-01.png",1163,1100,false],"bdpp-medium":["https:\/\/farolesdeforja.es\/wp-content\/uploads\/2018\/06\/photoroom-20230220_105534-01.png",507,480,false],"woocommerce_thumbnail":["https:\/\/farolesdeforja.es\/wp-content\/uploads\/2018\/06\/photoroom-20230220_105534-01-300x300.png",300,300,true],"woocommerce_single":["https:\/\/farolesdeforja.es\/wp-content\/uploads\/2018\/06\/photoroom-20230220_105534-01-600x567.png",600,567,true],"woocommerce_gallery_thumbnail":["https:\/\/farolesdeforja.es\/wp-content\/uploads\/2018\/06\/photoroom-20230220_105534-01-100x100.png",100,100,true]},"uagb_author_info":{"display_name":"Alberto Tello","author_link":"https:\/\/farolesdeforja.es\/en\/author\/"},"uagb_comment_info":0,"uagb_excerpt":"Material: Galvanized sheet metal, glass.","_links":{"self":[{"href":"https:\/\/farolesdeforja.es\/en\/wp-json\/wp\/v2\/product\/23197","targetHints":{"allow":["GET"]}}],"collection":[{"href":"https:\/\/farolesdeforja.es\/en\/wp-json\/wp\/v2\/product"}],"about":[{"href":"https:\/\/farolesdeforja.es\/en\/wp-json\/wp\/v2\/types\/product"}],"wp:featuredmedia":[{"embeddable":true,"href":"https:\/\/farolesdeforja.es\/en\/wp-json\/wp\/v2\/media\/21382"}],"wp:attachment":[{"href":"https:\/\/farolesdeforja.es\/en\/wp-json\/wp\/v2\/media?parent=23197"}],"wp:term":[{"taxonomy":"product_brand","embeddable":true,"href":"https:\/\/farolesdeforja.es\/en\/wp-json\/wp\/v2\/product_brand?post=23197"},{"taxonomy":"product_cat","embeddable":true,"href":"https:\/\/farolesdeforja.es\/en\/wp-json\/wp\/v2\/product_cat?post=23197"},{"taxonomy":"product_tag","embeddable":true,"href":"https:\/\/farolesdeforja.es\/en\/wp-json\/wp\/v2\/product_tag?post=23197"}],"curies":[{"name":"wp","href":"https:\/\/api.w.org\/{rel}","templated":true}]}}