{"id":22661,"date":"2018-11-09T12:15:36","date_gmt":"2018-11-09T11:15:36","guid":{"rendered":"https:\/\/farolesdeforja.es\/producto\/hispanic-procession-lantern\/"},"modified":"2025-06-03T07:14:49","modified_gmt":"2025-06-03T06:14:49","slug":"hispanic-procession-lantern","status":"publish","type":"product","link":"https:\/\/farolesdeforja.es\/en\/tienda\/lanterns\/processional-lanterns\/hispanic-procession-lantern\/","title":{"rendered":"&#8216;Hispano&#8217; Processional Lantern"},"content":{"rendered":"<p>Processional lantern of traditional design used in the departures of the brotherhoods during Holy Week. You will be surprised by its high quality. Made of tinplate metal and transparent glass. One of the historical models of Salcedo.<\/p>\n<p>Available in various colors.<\/p>\n","protected":false},"excerpt":{"rendered":"<p><strong>Material<\/strong>: Tin-coated steel sheet, glass.<\/p>\n","protected":false},"featured_media":21351,"template":"","meta":{"inline_featured_image":false,"_uag_custom_page_level_css":"","site-sidebar-layout":"default","site-content-layout":"","ast-site-content-layout":"default","site-content-style":"default","site-sidebar-style":"default","ast-global-header-display":"","ast-banner-title-visibility":"","ast-main-header-display":"","ast-hfb-above-header-display":"","ast-hfb-below-header-display":"","ast-hfb-mobile-header-display":"","site-post-title":"","ast-breadcrumbs-content":"","ast-featured-img":"","footer-sml-layout":"","ast-disable-related-posts":"","theme-transparent-header-meta":"default","adv-header-id-meta":"","stick-header-meta":"","header-above-stick-meta":"","header-main-stick-meta":"","header-below-stick-meta":"","astra-migrate-meta-layouts":"set","ast-page-background-enabled":"default","ast-page-background-meta":{"desktop":{"background-color":"var(--ast-global-color-4)","background-image":"","background-repeat":"repeat","background-position":"center center","background-size":"auto","background-attachment":"scroll","background-type":"","background-media":"","overlay-type":"","overlay-color":"","overlay-opacity":"","overlay-gradient":""},"tablet":{"background-color":"","background-image":"","background-repeat":"repeat","background-position":"center center","background-size":"auto","background-attachment":"scroll","background-type":"","background-media":"","overlay-type":"","overlay-color":"","overlay-opacity":"","overlay-gradient":""},"mobile":{"background-color":"","background-image":"","background-repeat":"repeat","background-position":"center center","background-size":"auto","background-attachment":"scroll","background-type":"","background-media":"","overlay-type":"","overlay-color":"","overlay-opacity":"","overlay-gradient":""}},"ast-content-background-meta":{"desktop":{"background-color":"var(--ast-global-color-5)","background-image":"","background-repeat":"repeat","background-position":"center center","background-size":"auto","background-attachment":"scroll","background-type":"","background-media":"","overlay-type":"","overlay-color":"","overlay-opacity":"","overlay-gradient":""},"tablet":{"background-color":"var(--ast-global-color-5)","background-image":"","background-repeat":"repeat","background-position":"center center","background-size":"auto","background-attachment":"scroll","background-type":"","background-media":"","overlay-type":"","overlay-color":"","overlay-opacity":"","overlay-gradient":""},"mobile":{"background-color":"var(--ast-global-color-5)","background-image":"","background-repeat":"repeat","background-position":"center center","background-size":"auto","background-attachment":"scroll","background-type":"","background-media":"","overlay-type":"","overlay-color":"","overlay-opacity":"","overlay-gradient":""}}},"product_brand":[],"product_cat":[555,630],"product_tag":[661],"class_list":{"0":"post-22661","1":"product","2":"type-product","3":"status-publish","4":"has-post-thumbnail","6":"product_cat-lanterns","7":"product_cat-processional-lanterns","8":"product_tag-processional-lanterns","9":"desktop-align-center","10":"tablet-align-left","11":"mobile-align-center","13":"first","14":"instock","15":"shipping-taxable","16":"purchasable","17":"product-type-variable","18":"has-default-attributes"},"yoast_head":"<!-- This site is optimized with the Yoast SEO plugin v27.4 - https:\/\/yoast.com\/product\/yoast-seo-wordpress\/ -->\n<title>&#039;Hispano&#039; Processional Lantern | Salcedo Sevilla<\/title>\n<meta name=\"description\" content=\"Processional lantern of traditional design made of tinplate metal and transparent glass for Easter. &gt;&gt; Available in various colors.\" \/>\n<meta name=\"robots\" content=\"index, follow, max-snippet:-1, max-image-preview:large, max-video-preview:-1\" \/>\n<link rel=\"canonical\" href=\"https:\/\/farolesdeforja.es\/en\/tienda\/lanterns\/processional-lanterns\/hispanic-procession-lantern\/\" \/>\n<meta property=\"og:locale\" content=\"en_US\" \/>\n<meta property=\"og:type\" content=\"article\" \/>\n<meta property=\"og:title\" content=\"&#039;Hispano&#039; Processional Lantern | Salcedo Sevilla\" \/>\n<meta property=\"og:description\" content=\"Processional lantern of traditional design made of tinplate metal and transparent glass for Easter. &gt;&gt; Available in various colors.\" \/>\n<meta property=\"og:url\" content=\"https:\/\/farolesdeforja.es\/en\/tienda\/lanterns\/processional-lanterns\/hispanic-procession-lantern\/\" \/>\n<meta property=\"og:site_name\" content=\"Faroles de forja y Mobiliario de forja art\u00edstica | Artesan\u00eda Salcedo Sevilla\" \/>\n<meta property=\"article:publisher\" content=\"https:\/\/www.facebook.com\/salcedosevilla\" \/>\n<meta property=\"article:modified_time\" content=\"2025-06-03T06:14:49+00:00\" \/>\n<meta property=\"og:image\" content=\"https:\/\/farolesdeforja.es\/wp-content\/uploads\/2018\/11\/farol-proceson-hispano.jpeg\" \/>\n\t<meta property=\"og:image:width\" content=\"300\" \/>\n\t<meta property=\"og:image:height\" content=\"400\" \/>\n\t<meta property=\"og:image:type\" content=\"image\/jpeg\" \/>\n<meta name=\"twitter:card\" content=\"summary_large_image\" \/>\n<meta name=\"twitter:label1\" content=\"Est. reading time\" \/>\n\t<meta name=\"twitter:data1\" content=\"1 minute\" \/>\n<script type=\"application\/ld+json\" class=\"yoast-schema-graph\">{\"@context\":\"https:\\\/\\\/schema.org\",\"@graph\":[{\"@type\":\"WebPage\",\"@id\":\"https:\\\/\\\/farolesdeforja.es\\\/en\\\/tienda\\\/lanterns\\\/processional-lanterns\\\/hispanic-procession-lantern\\\/\",\"url\":\"https:\\\/\\\/farolesdeforja.es\\\/en\\\/tienda\\\/lanterns\\\/processional-lanterns\\\/hispanic-procession-lantern\\\/\",\"name\":\"'Hispano' Processional Lantern | Salcedo Sevilla\",\"isPartOf\":{\"@id\":\"https:\\\/\\\/farolesdeforja.es\\\/en\\\/#website\"},\"primaryImageOfPage\":{\"@id\":\"https:\\\/\\\/farolesdeforja.es\\\/en\\\/tienda\\\/lanterns\\\/processional-lanterns\\\/hispanic-procession-lantern\\\/#primaryimage\"},\"image\":{\"@id\":\"https:\\\/\\\/farolesdeforja.es\\\/en\\\/tienda\\\/lanterns\\\/processional-lanterns\\\/hispanic-procession-lantern\\\/#primaryimage\"},\"thumbnailUrl\":\"https:\\\/\\\/farolesdeforja.es\\\/wp-content\\\/uploads\\\/2018\\\/11\\\/farol-proceson-hispano.jpeg\",\"datePublished\":\"2018-11-09T11:15:36+00:00\",\"dateModified\":\"2025-06-03T06:14:49+00:00\",\"description\":\"Processional lantern of traditional design made of tinplate metal and transparent glass for Easter. >> Available in various colors.\",\"breadcrumb\":{\"@id\":\"https:\\\/\\\/farolesdeforja.es\\\/en\\\/tienda\\\/lanterns\\\/processional-lanterns\\\/hispanic-procession-lantern\\\/#breadcrumb\"},\"inLanguage\":\"en-US\",\"potentialAction\":[{\"@type\":\"ReadAction\",\"target\":[\"https:\\\/\\\/farolesdeforja.es\\\/en\\\/tienda\\\/lanterns\\\/processional-lanterns\\\/hispanic-procession-lantern\\\/\"]}]},{\"@type\":\"ImageObject\",\"inLanguage\":\"en-US\",\"@id\":\"https:\\\/\\\/farolesdeforja.es\\\/en\\\/tienda\\\/lanterns\\\/processional-lanterns\\\/hispanic-procession-lantern\\\/#primaryimage\",\"url\":\"https:\\\/\\\/farolesdeforja.es\\\/wp-content\\\/uploads\\\/2018\\\/11\\\/farol-proceson-hispano.jpeg\",\"contentUrl\":\"https:\\\/\\\/farolesdeforja.es\\\/wp-content\\\/uploads\\\/2018\\\/11\\\/farol-proceson-hispano.jpeg\",\"width\":300,\"height\":400},{\"@type\":\"BreadcrumbList\",\"@id\":\"https:\\\/\\\/farolesdeforja.es\\\/en\\\/tienda\\\/lanterns\\\/processional-lanterns\\\/hispanic-procession-lantern\\\/#breadcrumb\",\"itemListElement\":[{\"@type\":\"ListItem\",\"position\":1,\"name\":\"Inicio\",\"item\":\"https:\\\/\\\/farolesdeforja.es\\\/en\\\/\"},{\"@type\":\"ListItem\",\"position\":2,\"name\":\"Shop\",\"item\":\"https:\\\/\\\/farolesdeforja.es\\\/en\\\/shop\\\/\"},{\"@type\":\"ListItem\",\"position\":3,\"name\":\"LANTERNS\",\"item\":\"https:\\\/\\\/farolesdeforja.es\\\/en\\\/lanterns\\\/\"},{\"@type\":\"ListItem\",\"position\":4,\"name\":\"&#8216;Hispano&#8217; Processional Lantern\"}]},{\"@type\":\"WebSite\",\"@id\":\"https:\\\/\\\/farolesdeforja.es\\\/en\\\/#website\",\"url\":\"https:\\\/\\\/farolesdeforja.es\\\/en\\\/\",\"name\":\"Faroles de forja y Mobiliario de forja art\u00edstica | Artesan\u00eda Salcedo Sevilla\",\"description\":\"Faroles de forja y mobiliario fabricados de forma artesanal desde 1971. Artesan\u00eda Salcedo es referente en forja art\u00edstica en Sevilla. Compra online de faroles de forja y env\u00edo GRATIS en casi todos los art\u00edculos \u00a1Personalizamos cualquier pieza!\",\"publisher\":{\"@id\":\"https:\\\/\\\/farolesdeforja.es\\\/en\\\/#organization\"},\"alternateName\":\"Salcedo Sevilla\",\"potentialAction\":[{\"@type\":\"SearchAction\",\"target\":{\"@type\":\"EntryPoint\",\"urlTemplate\":\"https:\\\/\\\/farolesdeforja.es\\\/en\\\/?s={search_term_string}\"},\"query-input\":{\"@type\":\"PropertyValueSpecification\",\"valueRequired\":true,\"valueName\":\"search_term_string\"}}],\"inLanguage\":\"en-US\"},{\"@type\":\"Organization\",\"@id\":\"https:\\\/\\\/farolesdeforja.es\\\/en\\\/#organization\",\"name\":\"Salcedo Sevilla\",\"url\":\"https:\\\/\\\/farolesdeforja.es\\\/en\\\/\",\"logo\":{\"@type\":\"ImageObject\",\"inLanguage\":\"en-US\",\"@id\":\"https:\\\/\\\/farolesdeforja.es\\\/en\\\/#\\\/schema\\\/logo\\\/image\\\/\",\"url\":\"https:\\\/\\\/farolesdeforja.es\\\/wp-content\\\/uploads\\\/2018\\\/04\\\/cropped-favicon.png\",\"contentUrl\":\"https:\\\/\\\/farolesdeforja.es\\\/wp-content\\\/uploads\\\/2018\\\/04\\\/cropped-favicon.png\",\"width\":512,\"height\":512,\"caption\":\"Salcedo Sevilla\"},\"image\":{\"@id\":\"https:\\\/\\\/farolesdeforja.es\\\/en\\\/#\\\/schema\\\/logo\\\/image\\\/\"},\"sameAs\":[\"https:\\\/\\\/www.facebook.com\\\/salcedosevilla\",\"https:\\\/\\\/www.instagram.com\\\/farolesdeforja\\\/\",\"https:\\\/\\\/www.pinterest.com\\\/Farolesdeforja\\\/\"]}]}<\/script>\n<!-- \/ Yoast SEO plugin. -->","yoast_head_json":{"title":"'Hispano' Processional Lantern | Salcedo Sevilla","description":"Processional lantern of traditional design made of tinplate metal and transparent glass for Easter. >> Available in various colors.","robots":{"index":"index","follow":"follow","max-snippet":"max-snippet:-1","max-image-preview":"max-image-preview:large","max-video-preview":"max-video-preview:-1"},"canonical":"https:\/\/farolesdeforja.es\/en\/tienda\/lanterns\/processional-lanterns\/hispanic-procession-lantern\/","og_locale":"en_US","og_type":"article","og_title":"'Hispano' Processional Lantern | Salcedo Sevilla","og_description":"Processional lantern of traditional design made of tinplate metal and transparent glass for Easter. >> Available in various colors.","og_url":"https:\/\/farolesdeforja.es\/en\/tienda\/lanterns\/processional-lanterns\/hispanic-procession-lantern\/","og_site_name":"Faroles de forja y Mobiliario de forja art\u00edstica | Artesan\u00eda Salcedo Sevilla","article_publisher":"https:\/\/www.facebook.com\/salcedosevilla","article_modified_time":"2025-06-03T06:14:49+00:00","og_image":[{"width":300,"height":400,"url":"https:\/\/farolesdeforja.es\/wp-content\/uploads\/2018\/11\/farol-proceson-hispano.jpeg","type":"image\/jpeg"}],"twitter_card":"summary_large_image","twitter_misc":{"Est. reading time":"1 minute"},"schema":{"@context":"https:\/\/schema.org","@graph":[{"@type":"WebPage","@id":"https:\/\/farolesdeforja.es\/en\/tienda\/lanterns\/processional-lanterns\/hispanic-procession-lantern\/","url":"https:\/\/farolesdeforja.es\/en\/tienda\/lanterns\/processional-lanterns\/hispanic-procession-lantern\/","name":"'Hispano' Processional Lantern | Salcedo Sevilla","isPartOf":{"@id":"https:\/\/farolesdeforja.es\/en\/#website"},"primaryImageOfPage":{"@id":"https:\/\/farolesdeforja.es\/en\/tienda\/lanterns\/processional-lanterns\/hispanic-procession-lantern\/#primaryimage"},"image":{"@id":"https:\/\/farolesdeforja.es\/en\/tienda\/lanterns\/processional-lanterns\/hispanic-procession-lantern\/#primaryimage"},"thumbnailUrl":"https:\/\/farolesdeforja.es\/wp-content\/uploads\/2018\/11\/farol-proceson-hispano.jpeg","datePublished":"2018-11-09T11:15:36+00:00","dateModified":"2025-06-03T06:14:49+00:00","description":"Processional lantern of traditional design made of tinplate metal and transparent glass for Easter. >> Available in various colors.","breadcrumb":{"@id":"https:\/\/farolesdeforja.es\/en\/tienda\/lanterns\/processional-lanterns\/hispanic-procession-lantern\/#breadcrumb"},"inLanguage":"en-US","potentialAction":[{"@type":"ReadAction","target":["https:\/\/farolesdeforja.es\/en\/tienda\/lanterns\/processional-lanterns\/hispanic-procession-lantern\/"]}]},{"@type":"ImageObject","inLanguage":"en-US","@id":"https:\/\/farolesdeforja.es\/en\/tienda\/lanterns\/processional-lanterns\/hispanic-procession-lantern\/#primaryimage","url":"https:\/\/farolesdeforja.es\/wp-content\/uploads\/2018\/11\/farol-proceson-hispano.jpeg","contentUrl":"https:\/\/farolesdeforja.es\/wp-content\/uploads\/2018\/11\/farol-proceson-hispano.jpeg","width":300,"height":400},{"@type":"BreadcrumbList","@id":"https:\/\/farolesdeforja.es\/en\/tienda\/lanterns\/processional-lanterns\/hispanic-procession-lantern\/#breadcrumb","itemListElement":[{"@type":"ListItem","position":1,"name":"Inicio","item":"https:\/\/farolesdeforja.es\/en\/"},{"@type":"ListItem","position":2,"name":"Shop","item":"https:\/\/farolesdeforja.es\/en\/shop\/"},{"@type":"ListItem","position":3,"name":"LANTERNS","item":"https:\/\/farolesdeforja.es\/en\/lanterns\/"},{"@type":"ListItem","position":4,"name":"&#8216;Hispano&#8217; Processional Lantern"}]},{"@type":"WebSite","@id":"https:\/\/farolesdeforja.es\/en\/#website","url":"https:\/\/farolesdeforja.es\/en\/","name":"Faroles de forja y Mobiliario de forja art\u00edstica | Artesan\u00eda Salcedo Sevilla","description":"Faroles de forja y mobiliario fabricados de forma artesanal desde 1971. Artesan\u00eda Salcedo es referente en forja art\u00edstica en Sevilla. Compra online de faroles de forja y env\u00edo GRATIS en casi todos los art\u00edculos \u00a1Personalizamos cualquier pieza!","publisher":{"@id":"https:\/\/farolesdeforja.es\/en\/#organization"},"alternateName":"Salcedo Sevilla","potentialAction":[{"@type":"SearchAction","target":{"@type":"EntryPoint","urlTemplate":"https:\/\/farolesdeforja.es\/en\/?s={search_term_string}"},"query-input":{"@type":"PropertyValueSpecification","valueRequired":true,"valueName":"search_term_string"}}],"inLanguage":"en-US"},{"@type":"Organization","@id":"https:\/\/farolesdeforja.es\/en\/#organization","name":"Salcedo Sevilla","url":"https:\/\/farolesdeforja.es\/en\/","logo":{"@type":"ImageObject","inLanguage":"en-US","@id":"https:\/\/farolesdeforja.es\/en\/#\/schema\/logo\/image\/","url":"https:\/\/farolesdeforja.es\/wp-content\/uploads\/2018\/04\/cropped-favicon.png","contentUrl":"https:\/\/farolesdeforja.es\/wp-content\/uploads\/2018\/04\/cropped-favicon.png","width":512,"height":512,"caption":"Salcedo Sevilla"},"image":{"@id":"https:\/\/farolesdeforja.es\/en\/#\/schema\/logo\/image\/"},"sameAs":["https:\/\/www.facebook.com\/salcedosevilla","https:\/\/www.instagram.com\/farolesdeforja\/","https:\/\/www.pinterest.com\/Farolesdeforja\/"]}]}},"uagb_featured_image_src":{"full":["https:\/\/farolesdeforja.es\/wp-content\/uploads\/2018\/11\/farol-proceson-hispano.jpeg",300,400,false],"thumbnail":["https:\/\/farolesdeforja.es\/wp-content\/uploads\/2018\/11\/farol-proceson-hispano-150x150.jpeg",150,150,true],"medium":["https:\/\/farolesdeforja.es\/wp-content\/uploads\/2018\/11\/farol-proceson-hispano-225x300.jpeg",225,300,true],"medium_large":["https:\/\/farolesdeforja.es\/wp-content\/uploads\/2018\/11\/farol-proceson-hispano.jpeg",300,400,false],"large":["https:\/\/farolesdeforja.es\/wp-content\/uploads\/2018\/11\/farol-proceson-hispano.jpeg",300,400,false],"1536x1536":["https:\/\/farolesdeforja.es\/wp-content\/uploads\/2018\/11\/farol-proceson-hispano.jpeg",300,400,false],"2048x2048":["https:\/\/farolesdeforja.es\/wp-content\/uploads\/2018\/11\/farol-proceson-hispano.jpeg",300,400,false],"bdpp-medium":["https:\/\/farolesdeforja.es\/wp-content\/uploads\/2018\/11\/farol-proceson-hispano.jpeg",300,400,false],"woocommerce_thumbnail":["https:\/\/farolesdeforja.es\/wp-content\/uploads\/2018\/11\/farol-proceson-hispano-300x300.jpeg",300,300,true],"woocommerce_single":["https:\/\/farolesdeforja.es\/wp-content\/uploads\/2018\/11\/farol-proceson-hispano-600x800.jpeg",600,800,true],"woocommerce_gallery_thumbnail":["https:\/\/farolesdeforja.es\/wp-content\/uploads\/2018\/11\/farol-proceson-hispano-100x100.jpeg",100,100,true]},"uagb_author_info":{"display_name":"Salcedo artesan\u00eda","author_link":"https:\/\/farolesdeforja.es\/en\/author\/"},"uagb_comment_info":0,"uagb_excerpt":"Material: Tin-coated steel sheet, glass.","_links":{"self":[{"href":"https:\/\/farolesdeforja.es\/en\/wp-json\/wp\/v2\/product\/22661","targetHints":{"allow":["GET"]}}],"collection":[{"href":"https:\/\/farolesdeforja.es\/en\/wp-json\/wp\/v2\/product"}],"about":[{"href":"https:\/\/farolesdeforja.es\/en\/wp-json\/wp\/v2\/types\/product"}],"wp:featuredmedia":[{"embeddable":true,"href":"https:\/\/farolesdeforja.es\/en\/wp-json\/wp\/v2\/media\/21351"}],"wp:attachment":[{"href":"https:\/\/farolesdeforja.es\/en\/wp-json\/wp\/v2\/media?parent=22661"}],"wp:term":[{"taxonomy":"product_brand","embeddable":true,"href":"https:\/\/farolesdeforja.es\/en\/wp-json\/wp\/v2\/product_brand?post=22661"},{"taxonomy":"product_cat","embeddable":true,"href":"https:\/\/farolesdeforja.es\/en\/wp-json\/wp\/v2\/product_cat?post=22661"},{"taxonomy":"product_tag","embeddable":true,"href":"https:\/\/farolesdeforja.es\/en\/wp-json\/wp\/v2\/product_tag?post=22661"}],"curies":[{"name":"wp","href":"https:\/\/api.w.org\/{rel}","templated":true}]}}